{"id":90,"date":"2023-06-22T12:46:21","date_gmt":"2023-06-22T10:46:21","guid":{"rendered":"https:\/\/johanniter.creative-productions.de\/?page_id=90"},"modified":"2023-06-23T11:19:45","modified_gmt":"2023-06-23T09:19:45","slug":"elementor-90","status":"publish","type":"page","link":"https:\/\/johanniter.creative-productions.de\/","title":{"rendered":"Dein Traumjob"},"content":{"rendered":"\t\t<div data-elementor-type=\"wp-page\" data-elementor-id=\"90\" class=\"elementor elementor-90\">\n\t\t\t\t\t\t\t\t\t<section class=\"elementor-section elementor-top-section elementor-element elementor-element-9bce1df elementor-section-full_width elementor-section-height-min-height elementor-section-height-default elementor-section-items-middle\" data-id=\"9bce1df\" data-element_type=\"section\" data-settings=\"{&quot;background_background&quot;:&quot;classic&quot;}\">\n\t\t\t\t\t\t<div class=\"elementor-container elementor-column-gap-default\">\n\t\t\t\t\t<div class=\"elementor-column elementor-col-100 elementor-top-column elementor-element elementor-element-5405dae\" data-id=\"5405dae\" data-element_type=\"column\">\n\t\t\t<div class=\"elementor-widget-wrap\">\n\t\t\t\t\t\t\t\t\t<\/div>\n\t\t<\/div>\n\t\t\t\t\t\t\t<\/div>\n\t\t<\/section>\n\t\t\t\t<section class=\"elementor-section elementor-top-section elementor-element elementor-element-a1b47ed elementor-reverse-tablet elementor-reverse-mobile elementor-section-full_width elementor-section-height-default elementor-section-height-default\" data-id=\"a1b47ed\" data-element_type=\"section\">\n\t\t\t\t\t\t<div class=\"elementor-container elementor-column-gap-default\">\n\t\t\t\t\t<div class=\"elementor-column elementor-col-33 elementor-top-column elementor-element elementor-element-07c68ae\" data-id=\"07c68ae\" data-element_type=\"column\">\n\t\t\t<div class=\"elementor-widget-wrap elementor-element-populated\">\n\t\t\t\t\t\t\t\t<div class=\"elementor-element elementor-element-70801e8 elementor-widget elementor-widget-text-editor\" data-id=\"70801e8\" data-element_type=\"widget\" data-widget_type=\"text-editor.default\">\n\t\t\t\t<div class=\"elementor-widget-container\">\n\t\t\t<style>\/*! elementor - v3.14.0 - 18-06-2023 *\/\n.elementor-widget-text-editor.elementor-drop-cap-view-stacked .elementor-drop-cap{background-color:#69727d;color:#fff}.elementor-widget-text-editor.elementor-drop-cap-view-framed .elementor-drop-cap{color:#69727d;border:3px solid;background-color:transparent}.elementor-widget-text-editor:not(.elementor-drop-cap-view-default) .elementor-drop-cap{margin-top:8px}.elementor-widget-text-editor:not(.elementor-drop-cap-view-default) .elementor-drop-cap-letter{width:1em;height:1em}.elementor-widget-text-editor .elementor-drop-cap{float:left;text-align:center;line-height:1;font-size:50px}.elementor-widget-text-editor .elementor-drop-cap-letter{display:inline-block}<\/style>\t\t\t\t<div class=\"c-contact-list u-space-top:default\">\n<div style=\"background-color: #000548; color: white;\">\n<div>\n<figure class=\"c-figure\" style=\"padding: 0; margin: 0;\">\n<div class=\"c-figure__inner\" style=\"padding: 0; margin: 0;\"><picture><source srcset=\"https:\/\/assets.johanniter.de\/fileadmin\/_processed-local_\/c\/d\/csm_Etemad_Parishanzadeh_0587e73101.jpg\" data-srcset=\"https:\/\/assets.johanniter.de\/fileadmin\/_processed-local_\/c\/d\/csm_Etemad_Parishanzadeh_0587e73101.jpg\" \/><img loading=\"lazy\" decoding=\"async\" class=\"c-img lazyloaded\" title=\"\" src=\"https:\/\/assets.johanniter.de\/fileadmin\/_processed-local_\/c\/d\/csm_Etemad_Parishanzadeh_90134f989b.jpg\" alt=\"\" width=\"660\" height=\"831\" data-src=\"https:\/\/assets.johanniter.de\/fileadmin\/_processed-local_\/c\/d\/csm_Etemad_Parishanzadeh_90134f989b.jpg\" \/><\/picture><\/div><\/figure>\n<\/div>\n<div class=\"c-contact__content\" style=\"padding: 20px; padding-top: 0;\">\n<div class=\"c-copy\">\n<h3 class=\" u-typo:xl u-typo:bold\" style=\"color: white;\">Etemad Parishanzadeh<\/h3>\nFachbereichsleiter Einsatzdienste D\u00fcsseldorf\n\n<a class=\"c-link u-icon u-icon:left u-icon--email\" href=\"https:\/\/www.johanniter.de\/kontakt\/mail\/an\/3471\/\" target=\"_blank\" rel=\"noopener\">zum Kontakt-Formular<\/a>\n<a class=\"c-link u-icon u-icon:left u-icon--phone\" title=\"\u00d6ffnet Telefon-App\" href=\"tel:+49 1520 1681036\">+49 1520 1681036<\/a>\n<a class=\"c-link u-icon u-icon:left u-icon--pin\" href=\"https:\/\/www.google.com\/maps?q=51.217636100000,6.815939500000\" target=\"_blank\" rel=\"noopener\">Erkrather Stra\u00dfe 245\n40233 D\u00fcsseldorf<\/a>\n\n<\/div>\n<\/div>\n<\/div>\n<\/div>\n<div style=\"background-color: #000548; color: white;\">\n<div class=\" c-contact c-contact--slanted-left \">\n<div class=\"c-contact__img\">\n<figure>\n<div class=\"c-figure__inner\"><picture><source srcset=\"https:\/\/assets.johanniter.de\/fileadmin\/_processed-local_\/9\/c\/csm_Arnd_Jankowski_5eee368dd7.jpg\" media=\"(min-width: 320px)\" data-srcset=\"https:\/\/assets.johanniter.de\/fileadmin\/_processed-local_\/9\/c\/csm_Arnd_Jankowski_5eee368dd7.jpg\" \/><source srcset=\"https:\/\/assets.johanniter.de\/fileadmin\/_processed-local_\/9\/c\/csm_Arnd_Jankowski_fb011fefd0.jpg\" data-srcset=\"https:\/\/assets.johanniter.de\/fileadmin\/_processed-local_\/9\/c\/csm_Arnd_Jankowski_fb011fefd0.jpg\" \/><img loading=\"lazy\" decoding=\"async\" class=\"c-img lazyloaded\" title=\"\" src=\"https:\/\/assets.johanniter.de\/fileadmin\/_processed-local_\/9\/c\/csm_Arnd_Jankowski_5eee368dd7.jpg\" alt=\"\" width=\"660\" height=\"808\" data-src=\"https:\/\/assets.johanniter.de\/fileadmin\/_processed-local_\/9\/c\/csm_Arnd_Jankowski_5eee368dd7.jpg\" \/><\/picture><\/div><\/figure>\n<\/div>\n<div style=\"padding: 20px; padding-top: 0;\">\n<div>\n<h3 style=\"color: white; margin-top: 0;\">Arnd Jankowski<\/h3>\nFachbereichsleiter Einsatzdienste Duisburg \/ Oberhausen\n\n<a class=\"c-link u-icon u-icon:left u-icon--email\" href=\"https:\/\/www.johanniter.de\/kontakt\/mail\/an\/3828\/\" target=\"_blank\" rel=\"noopener\">zum Kontakt-Formular<\/a>\n<a class=\"c-link u-icon u-icon:left u-icon--phone\" title=\"\u00d6ffnet Telefon-App\" href=\"tel:+49 203 418265-610\">+49 203 418265-610<\/a>\n<a class=\"c-link u-icon u-icon:left u-icon--fax\" title=\"\u00d6ffnet Telefon-App\" href=\"tel:+49 203 418265-999\">+49 203 418265-999<\/a>\n<a class=\"c-link u-icon u-icon:left u-icon--pin\" href=\"https:\/\/www.google.com\/maps?q=51.408653300000,6.768091300000\" target=\"_blank\" rel=\"noopener\">D\u00fcsseldorfer Stra\u00dfe 387\n47055 Duisburg<\/a>\n\n<\/div>\n<\/div>\n<\/div>\n<\/div>\n<div id=\"c132590\" class=\"c-social-media u-color-bg:pri1 u-space-top:default\" aria-label=\"Social-Media-Links\"><\/div>\n<div id=\"c88060\" class=\"u-space-top:default\">\n<div class=\"c-color-box u-color-bg:pri2 \">\n<div class=\"c-color-box__content\"><\/div>\n<\/div>\n<\/div>\t\t\t\t\t\t<\/div>\n\t\t\t\t<\/div>\n\t\t\t\t<div class=\"elementor-element elementor-element-b8cf111 elementor-widget elementor-widget-button\" data-id=\"b8cf111\" data-element_type=\"widget\" data-widget_type=\"button.default\">\n\t\t\t\t<div class=\"elementor-widget-container\">\n\t\t\t\t\t<div class=\"elementor-button-wrapper\">\n\t\t\t<a class=\"elementor-button elementor-button-link elementor-size-sm\" href=\"\/index.php\/dein-traumjob\/\">\n\t\t\t\t\t\t<span class=\"elementor-button-content-wrapper\">\n\t\t\t\t\t\t<span class=\"elementor-button-text\">Jetzt bewerben!<\/span>\n\t\t<\/span>\n\t\t\t\t\t<\/a>\n\t\t<\/div>\n\t\t\t\t<\/div>\n\t\t\t\t<\/div>\n\t\t\t\t\t<\/div>\n\t\t<\/div>\n\t\t\t\t<div class=\"elementor-column elementor-col-66 elementor-top-column elementor-element elementor-element-cd004d7\" data-id=\"cd004d7\" data-element_type=\"column\">\n\t\t\t<div class=\"elementor-widget-wrap elementor-element-populated\">\n\t\t\t\t\t\t\t\t<div class=\"elementor-element elementor-element-7d6a663 elementor-widget elementor-widget-text-editor\" data-id=\"7d6a663\" data-element_type=\"widget\" data-widget_type=\"text-editor.default\">\n\t\t\t\t<div class=\"elementor-widget-container\">\n\t\t\t\t\t\t\t<h2 style=\"color: white;\">Dein Traumjob im Rettungsdienst:<\/h2><h3 style=\"color: white;\"><a href=\"https:\/\/johanniter.creative-productions.de\/index.php\/dein-traumjob\/\">Lerne uns jetzt pers\u00f6nlich kennen.<\/a><\/h3><p>Notfallsanit\u00e4ter (m\/w\/d) in D\u00fcsseldorf, Duisburg oder Kreis Wesel<\/p><p>Rettungsassistent (m\/w\/d) in D\u00fcsseldorf, Duisburg oder Kreis Wesel<\/p><p>Rettungssanit\u00e4ter (m\/w\/d) in D\u00fcsseldorf<\/p>\t\t\t\t\t\t<\/div>\n\t\t\t\t<\/div>\n\t\t\t\t<div class=\"elementor-element elementor-element-8f2184f elementor-widget elementor-widget-text-editor\" data-id=\"8f2184f\" data-element_type=\"widget\" data-widget_type=\"text-editor.default\">\n\t\t\t\t<div class=\"elementor-widget-container\">\n\t\t\t\t\t\t\t<div style=\"padding: 20px; background-color: #eb003c; color: white;\">\n<div>\n<div>\n<h3 style=\"color: white; font-weight: bold;\">Das erwartet dich bei uns<\/h3>\n<ul class=\"c-list c-list--unordered\" role=\"list\">\n \t<li>1000 \u20ac Starter-Pr\u00e4mie oder 2000 \u20ac Umzugs-Pr\u00e4mie<\/li>\n \t<li>Leistungsgerechte, attraktive Verg\u00fctung<\/li>\n \t<li>13. Monatsgehalt<\/li>\n \t<li>Mitgliedschaft im Urban-Sports Club<\/li>\n \t<li>Work &amp; Life &#8211; Monatliche Freizeitaktionen im Team<\/li>\n \t<li>Betriebliche Altersvorsorge<\/li>\n \t<li>Fort- und Weiterbildungen<\/li>\n \t<li>Betriebliches Gesundheitsmanagement<\/li>\n \t<li>Verg\u00fcnstigung im \u00f6ffentlichen Nahverkehr<\/li>\n \t<li>Zusatzurlaub f\u00fcr Nachtarbeit<\/li>\n \t<li>Zuschl\u00e4ge f\u00fcr Arbeit an Sonn- und Feiertagen, f\u00fcr Schicht und Wechselschicht und f\u00fcr \u00dcberstunden<\/li>\n \t<li>viele weitere Mitarbeiterbenefits<\/li>\n<\/ul>\n<\/div>\n<\/div>\n<\/div>\t\t\t\t\t\t<\/div>\n\t\t\t\t<\/div>\n\t\t\t\t<div class=\"elementor-element elementor-element-5d7150d elementor-widget elementor-widget-button\" data-id=\"5d7150d\" data-element_type=\"widget\" data-widget_type=\"button.default\">\n\t\t\t\t<div class=\"elementor-widget-container\">\n\t\t\t\t\t<div class=\"elementor-button-wrapper\">\n\t\t\t<a class=\"elementor-button elementor-button-link elementor-size-sm\" href=\"\/index.php\/dein-traumjob\/\">\n\t\t\t\t\t\t<span class=\"elementor-button-content-wrapper\">\n\t\t\t\t\t\t<span class=\"elementor-button-text\">Jetzt bewerben!<\/span>\n\t\t<\/span>\n\t\t\t\t\t<\/a>\n\t\t<\/div>\n\t\t\t\t<\/div>\n\t\t\t\t<\/div>\n\t\t\t\t<div class=\"elementor-element elementor-element-a96d893 elementor-widget elementor-widget-video\" data-id=\"a96d893\" data-element_type=\"widget\" data-settings=\"{&quot;youtube_url&quot;:&quot;https:\\\/\\\/www.youtube.com\\\/watch?v=NWMQQDfxDbk&quot;,&quot;video_type&quot;:&quot;youtube&quot;,&quot;controls&quot;:&quot;yes&quot;}\" data-widget_type=\"video.default\">\n\t\t\t\t<div class=\"elementor-widget-container\">\n\t\t\t<style>\/*! elementor - v3.14.0 - 18-06-2023 *\/\n.elementor-widget-video .elementor-widget-container{overflow:hidden;transform:translateZ(0)}.elementor-widget-video .elementor-wrapper{aspect-ratio:var(--video-aspect-ratio)}.elementor-widget-video .elementor-wrapper iframe,.elementor-widget-video .elementor-wrapper video{height:100%;width:100%;display:flex;border:none;background-color:#000}@supports not (aspect-ratio:1\/1){.elementor-widget-video .elementor-wrapper{position:relative;overflow:hidden;height:0;padding-bottom:calc(100% \/ var(--video-aspect-ratio))}.elementor-widget-video .elementor-wrapper iframe,.elementor-widget-video .elementor-wrapper video{position:absolute;top:0;right:0;bottom:0;left:0}}.elementor-widget-video .elementor-open-inline .elementor-custom-embed-image-overlay{position:absolute;top:0;left:0;width:100%;height:100%;background-size:cover;background-position:50%}.elementor-widget-video .elementor-custom-embed-image-overlay{cursor:pointer;text-align:center}.elementor-widget-video .elementor-custom-embed-image-overlay:hover .elementor-custom-embed-play i{opacity:1}.elementor-widget-video .elementor-custom-embed-image-overlay img{display:block;width:100%}.elementor-widget-video .e-hosted-video .elementor-video{-o-object-fit:cover;object-fit:cover}.e-con-inner>.elementor-widget-video,.e-con>.elementor-widget-video{width:var(--container-widget-width);--flex-grow:var(--container-widget-flex-grow)}<\/style>\t\t<div class=\"elementor-wrapper elementor-open-inline\">\n\t\t\t<div class=\"elementor-video\"><\/div>\t\t<\/div>\n\t\t\t\t<\/div>\n\t\t\t\t<\/div>\n\t\t\t\t<div class=\"elementor-element elementor-element-e7e5b90 elementor-widget elementor-widget-text-editor\" data-id=\"e7e5b90\" data-element_type=\"widget\" data-widget_type=\"text-editor.default\">\n\t\t\t\t<div class=\"elementor-widget-container\">\n\t\t\t\t\t\t\t<div id=\"c89387\" class=\"c-text-media u-space-top:default\"><div class=\" c-text-media__inner c-text-media__inner--above\"><div class=\"c-text-media__content\"><h2>Bereit Leben zu retten<\/h2><p>Im Notfall geht es oft um Sekunden. Mit modernster Technik, einer umfassenden Ausbildung und regelm\u00e4\u00dfiger Weiterbildung kannst du bei uns als <strong>Notfallsanit\u00e4ter, Rettungsassistent und Rettungssanit\u00e4ter (m\/w\/d)<\/strong>\u00a0im Ernstfall Patientinnen und Patienten optimal versorgen.<\/p><p>\u00a0<\/p><p style=\"font-weight: 400;\"><strong>Stadt \u2013 und\/oder Landrettung? Kannst du bei uns beides haben!<\/strong><\/p><p style=\"font-weight: 400;\">Wir retten Leben in D\u00fcsseldorf, Duisburg und im Kreis Wesel. Dich erwartet ein buntes Team, attraktive Fortbildungsm\u00f6glichkeiten, moderne Ausstattung und eine familienfreundliche Dienstplangestaltung. Wir st\u00e4rken dir den R\u00fccken und geben dir die Stabilit\u00e4t, die du im Einsatz brauchst. Bei uns kannst du sowohl 24- Stunden Dienste als auch 12 -Stunden-Tages-Dienste fahren.<\/p><p>\u00a0<\/p><p style=\"font-weight: 400;\"><a style=\"color: #000548; display: inline !important;\" href=\"https:\/\/johanniter.creative-productions.de\/index.php\/dein-traumjob\/\">Bewirb dich am besten direkt<\/a> und werde Teil unseres starken Johanniter-Teams!<\/p><\/div><\/div><\/div><div id=\"c129426\" class=\"u-space-top:default\"><div class=\"c-color-box u-color-bg:pri1 \"><div class=\"c-color-box__content\" style=\"background-color: #000548; color: white; padding: 20px; margin-top: 20px;\"><p><strong>Unsere Standorte in D\u00fcsseldorf<\/strong><\/p><ul class=\"c-list c-list--unordered\" role=\"list\"><li>Rettungswache Forststra\u00dfe 128a in Hassels<\/li><li>Rettungswache Vennhauser Allee 269 in Vennhausen<\/li><li>Feuer- und Rettungswache Flingern<\/li><li>Feuer- und Rettungswache Garath<\/li><li>Feuer- und Rettungswache\u00a0Pempelfort<\/li><li>Krankentransport: Johanniter-Wache Erkrather Stra\u00dfe Flingern<\/li><\/ul><p><strong>In Duisburg<\/strong><\/p><ul><li>Feuer- und Rettungswache Innenstadt<\/li><li>Feuer- und Rettungswache Rheinhausen<\/li><li>Rettungswache Huckingen<\/li><li>Krankentransport: Johanniter-Wache D\u00fcsseldorfer Stra\u00dfe Wanheimerort<\/li><\/ul><p><strong>Im Kreis Wesel<\/strong><\/p><ul><li>Rettungswache Schermbeck<\/li><li>Johanniter-Wache Kleiststra\u00dfe Dinslaken<\/li><li>Krankentransport: Johanniter-Wache Stadt Wesel<\/li><\/ul><\/div><\/div><\/div><div>\u00a0<\/div>\t\t\t\t\t\t<\/div>\n\t\t\t\t<\/div>\n\t\t\t\t<div class=\"elementor-element elementor-element-8a430ea elementor-arrows-position-inside elementor-pagination-position-outside elementor-widget elementor-widget-image-carousel\" data-id=\"8a430ea\" data-element_type=\"widget\" data-settings=\"{&quot;navigation&quot;:&quot;both&quot;,&quot;autoplay&quot;:&quot;yes&quot;,&quot;pause_on_hover&quot;:&quot;yes&quot;,&quot;pause_on_interaction&quot;:&quot;yes&quot;,&quot;autoplay_speed&quot;:5000,&quot;infinite&quot;:&quot;yes&quot;,&quot;speed&quot;:500}\" data-widget_type=\"image-carousel.default\">\n\t\t\t\t<div class=\"elementor-widget-container\">\n\t\t\t<style>\/*! elementor - v3.14.0 - 18-06-2023 *\/\n.elementor-widget-image-carousel .swiper,.elementor-widget-image-carousel .swiper-container{position:static}.elementor-widget-image-carousel .swiper-container .swiper-slide figure,.elementor-widget-image-carousel .swiper .swiper-slide figure{line-height:inherit}.elementor-widget-image-carousel .swiper-slide{text-align:center}.elementor-image-carousel-wrapper:not(.swiper-container-initialized):not(.swiper-initialized) .swiper-slide{max-width:calc(100% \/ var(--e-image-carousel-slides-to-show, 3))}<\/style>\t\t<div class=\"elementor-image-carousel-wrapper swiper\" dir=\"ltr\">\n\t\t\t<div class=\"elementor-image-carousel swiper-wrapper\" aria-live=\"off\">\n\t\t\t\t\t\t\t\t<div class=\"swiper-slide\" role=\"group\" aria-roledescription=\"slide\" aria-label=\"1 of 5\"><figure class=\"swiper-slide-inner\"><img decoding=\"async\" class=\"swiper-slide-image\" src=\"https:\/\/johanniter.creative-productions.de\/wp-content\/uploads\/2023\/06\/csm_Rettungsdienst-in-der-Corona-Pandemie_medium_4c5dbbe605-300x200.jpg\" alt=\"\u00a9 Johanniter\/Alexander Koerner\" \/><figcaption class=\"elementor-image-carousel-caption\">\u00a9 Johanniter\/Alexander Koerner<\/figcaption><\/figure><\/div><div class=\"swiper-slide\" role=\"group\" aria-roledescription=\"slide\" aria-label=\"2 of 5\"><figure class=\"swiper-slide-inner\"><img decoding=\"async\" class=\"swiper-slide-image\" src=\"https:\/\/johanniter.creative-productions.de\/wp-content\/uploads\/2023\/06\/csm_Bilderpool-Shooting-Rettungsdienst_Blomberg_@Upfront-Photo-_-Film-GmbH_22.09.2021_15_medium_789c25ad8f-300x200.jpg\" alt=\"\u00a9 Johanniter\/Upfront Photo &amp; Film GmbH\" \/><figcaption class=\"elementor-image-carousel-caption\">\u00a9 Johanniter\/Upfront Photo &amp; Film GmbH<\/figcaption><\/figure><\/div><div class=\"swiper-slide\" role=\"group\" aria-roledescription=\"slide\" aria-label=\"3 of 5\"><figure class=\"swiper-slide-inner\"><img decoding=\"async\" class=\"swiper-slide-image\" src=\"https:\/\/johanniter.creative-productions.de\/wp-content\/uploads\/2023\/06\/csm_Bilderpool-Shooting-Rettungsdienst_Blomberg_@Upfront-Photo-_-Film-GmbH_22.09.2021_7_medium_e81e54da72-300x200.jpg\" alt=\"\u00a9 Johanniter\/Upfront Photo &amp; Film GmbH\" \/><figcaption class=\"elementor-image-carousel-caption\">\u00a9 Johanniter\/Upfront Photo &amp; Film GmbH<\/figcaption><\/figure><\/div><div class=\"swiper-slide\" role=\"group\" aria-roledescription=\"slide\" aria-label=\"4 of 5\"><figure class=\"swiper-slide-inner\"><img decoding=\"async\" class=\"swiper-slide-image\" src=\"https:\/\/johanniter.creative-productions.de\/wp-content\/uploads\/2023\/06\/csm_themenvorschau-2064__v-gseapremiumxl_885143fda1-300x200.jpg\" alt=\"csm_themenvorschau-2064__v-gseapremiumxl_885143fda1\" \/><\/figure><\/div><div class=\"swiper-slide\" role=\"group\" aria-roledescription=\"slide\" aria-label=\"5 of 5\"><figure class=\"swiper-slide-inner\"><img decoding=\"async\" class=\"swiper-slide-image\" src=\"https:\/\/johanniter.creative-productions.de\/wp-content\/uploads\/2023\/06\/csm_Rettungsdienst_Daniel_Milazar_81a0b3a298-300x200.jpg\" alt=\"\u00a9 Johanniter\/Daniel Milazar\" \/><figcaption class=\"elementor-image-carousel-caption\">\u00a9 Johanniter\/Daniel Milazar<\/figcaption><\/figure><\/div>\t\t\t<\/div>\n\t\t\t\t\t\t\t\t\t\t\t\t<div class=\"elementor-swiper-button elementor-swiper-button-prev\" role=\"button\" tabindex=\"0\">\n\t\t\t\t\t\t<i aria-hidden=\"true\" class=\"eicon-chevron-left\"><\/i>\t\t\t\t\t<\/div>\n\t\t\t\t\t<div class=\"elementor-swiper-button elementor-swiper-button-next\" role=\"button\" tabindex=\"0\">\n\t\t\t\t\t\t<i aria-hidden=\"true\" class=\"eicon-chevron-right\"><\/i>\t\t\t\t\t<\/div>\n\t\t\t\t\n\t\t\t\t\t\t\t\t\t<div class=\"swiper-pagination\"><\/div>\n\t\t\t\t\t\t\t\t\t<\/div>\n\t\t\t\t<\/div>\n\t\t\t\t<\/div>\n\t\t\t\t<div class=\"elementor-element elementor-element-99c1ca3 elementor-widget elementor-widget-button\" data-id=\"99c1ca3\" data-element_type=\"widget\" data-widget_type=\"button.default\">\n\t\t\t\t<div class=\"elementor-widget-container\">\n\t\t\t\t\t<div class=\"elementor-button-wrapper\">\n\t\t\t<a class=\"elementor-button elementor-button-link elementor-size-sm\" href=\"\/index.php\/dein-traumjob\/\">\n\t\t\t\t\t\t<span class=\"elementor-button-content-wrapper\">\n\t\t\t\t\t\t<span class=\"elementor-button-text\">Lerne uns pers\u00f6nlich kennen!<\/span>\n\t\t<\/span>\n\t\t\t\t\t<\/a>\n\t\t<\/div>\n\t\t\t\t<\/div>\n\t\t\t\t<\/div>\n\t\t\t\t<div class=\"elementor-element elementor-element-c67f4b9 elementor-widget elementor-widget-video\" data-id=\"c67f4b9\" data-element_type=\"widget\" data-settings=\"{&quot;video_type&quot;:&quot;hosted&quot;,&quot;controls&quot;:&quot;yes&quot;}\" data-widget_type=\"video.default\">\n\t\t\t\t<div class=\"elementor-widget-container\">\n\t\t\t\t\t<div class=\"e-hosted-video elementor-wrapper elementor-open-inline\">\n\t\t\t\t\t<video class=\"elementor-video\" src=\"https:\/\/johanniter.creative-productions.de\/wp-content\/uploads\/2023\/06\/Steven-Interview_s.mp4\" controls=\"\" preload=\"metadata\" controlsList=\"nodownload\" poster=\"https:\/\/johanniter.creative-productions.de\/wp-content\/uploads\/2023\/06\/Bildschirmfoto-2023-06-22-um-17.31.29.png\"><\/video>\n\t\t\t\t<\/div>\n\t\t\t\t<\/div>\n\t\t\t\t<\/div>\n\t\t\t\t\t<\/div>\n\t\t<\/div>\n\t\t\t\t\t\t\t<\/div>\n\t\t<\/section>\n\t\t\t\t\t\t\t<\/div>\n\t\t","protected":false},"excerpt":{"rendered":"<p>Etemad Parishanzadeh Fachbereichsleiter Einsatzdienste D\u00fcsseldorf zum Kontakt-Formular +49 1520 1681036 Erkrather Stra\u00dfe 245 40233 D\u00fcsseldorf Arnd Jankowski Fachbereichsleiter Einsatzdienste Duisburg \/ Oberhausen zum Kontakt-Formular +49&hellip;<\/p>\n","protected":false},"author":1,"featured_media":0,"parent":0,"menu_order":0,"comment_status":"closed","ping_status":"closed","template":"","meta":{"footnotes":""},"class_list":["post-90","page","type-page","status-publish","hentry"],"_links":{"self":[{"href":"https:\/\/johanniter.creative-productions.de\/index.php\/wp-json\/wp\/v2\/pages\/90","targetHints":{"allow":["GET"]}}],"collection":[{"href":"https:\/\/johanniter.creative-productions.de\/index.php\/wp-json\/wp\/v2\/pages"}],"about":[{"href":"https:\/\/johanniter.creative-productions.de\/index.php\/wp-json\/wp\/v2\/types\/page"}],"author":[{"embeddable":true,"href":"https:\/\/johanniter.creative-productions.de\/index.php\/wp-json\/wp\/v2\/users\/1"}],"replies":[{"embeddable":true,"href":"https:\/\/johanniter.creative-productions.de\/index.php\/wp-json\/wp\/v2\/comments?post=90"}],"version-history":[{"count":263,"href":"https:\/\/johanniter.creative-productions.de\/index.php\/wp-json\/wp\/v2\/pages\/90\/revisions"}],"predecessor-version":[{"id":445,"href":"https:\/\/johanniter.creative-productions.de\/index.php\/wp-json\/wp\/v2\/pages\/90\/revisions\/445"}],"wp:attachment":[{"href":"https:\/\/johanniter.creative-productions.de\/index.php\/wp-json\/wp\/v2\/media?parent=90"}],"curies":[{"name":"wp","href":"https:\/\/api.w.org\/{rel}","templated":true}]}}