{"id":296,"date":"2023-06-22T16:46:26","date_gmt":"2023-06-22T14:46:26","guid":{"rendered":"https:\/\/johanniter.creative-productions.de\/?page_id=296"},"modified":"2023-06-23T11:14:45","modified_gmt":"2023-06-23T09:14:45","slug":"dein-traumjob","status":"publish","type":"page","link":"https:\/\/johanniter.creative-productions.de\/index.php\/dein-traumjob\/","title":{"rendered":"Lerne uns pers\u00f6nlich kennen."},"content":{"rendered":"\t\t<div data-elementor-type=\"wp-page\" data-elementor-id=\"296\" class=\"elementor elementor-296\">\n\t\t\t\t\t\t\t\t\t<section class=\"elementor-section elementor-top-section elementor-element elementor-element-9bce1df elementor-section-full_width elementor-section-height-min-height elementor-section-height-default elementor-section-items-middle\" data-id=\"9bce1df\" data-element_type=\"section\" data-settings=\"{&quot;background_background&quot;:&quot;video&quot;,&quot;background_video_link&quot;:&quot;\\\/wp-content\\\/uploads\\\/2023\\\/06\\\/Johanniter-Walk-in-xs.mp4&quot;}\">\n\t\t\t\t\t\t\t\t<div class=\"elementor-background-video-container elementor-hidden-phone\">\n\t\t\t\t\t\t\t\t\t\t\t\t\t<video class=\"elementor-background-video-hosted elementor-html5-video\" autoplay muted playsinline loop><\/video>\n\t\t\t\t\t\t\t\t\t\t\t<\/div>\n\t\t\t\t\t\t\t\t<div class=\"elementor-container elementor-column-gap-default\">\n\t\t\t\t\t<div class=\"elementor-column elementor-col-100 elementor-top-column elementor-element elementor-element-5405dae\" data-id=\"5405dae\" data-element_type=\"column\">\n\t\t\t<div class=\"elementor-widget-wrap\">\n\t\t\t\t\t\t\t\t\t<\/div>\n\t\t<\/div>\n\t\t\t\t\t\t\t<\/div>\n\t\t<\/section>\n\t\t\t\t<section class=\"elementor-section elementor-top-section elementor-element elementor-element-a1b47ed elementor-reverse-tablet elementor-reverse-mobile elementor-section-full_width elementor-section-height-default elementor-section-height-default\" data-id=\"a1b47ed\" data-element_type=\"section\">\n\t\t\t\t\t\t<div class=\"elementor-container elementor-column-gap-default\">\n\t\t\t\t\t<div class=\"elementor-column elementor-col-33 elementor-top-column elementor-element elementor-element-07c68ae\" data-id=\"07c68ae\" data-element_type=\"column\">\n\t\t\t<div class=\"elementor-widget-wrap elementor-element-populated\">\n\t\t\t\t\t\t\t\t<div class=\"elementor-element elementor-element-70801e8 elementor-widget elementor-widget-text-editor\" data-id=\"70801e8\" data-element_type=\"widget\" data-widget_type=\"text-editor.default\">\n\t\t\t\t<div class=\"elementor-widget-container\">\n\t\t\t<style>\/*! elementor - v3.14.0 - 18-06-2023 *\/\n.elementor-widget-text-editor.elementor-drop-cap-view-stacked .elementor-drop-cap{background-color:#69727d;color:#fff}.elementor-widget-text-editor.elementor-drop-cap-view-framed .elementor-drop-cap{color:#69727d;border:3px solid;background-color:transparent}.elementor-widget-text-editor:not(.elementor-drop-cap-view-default) .elementor-drop-cap{margin-top:8px}.elementor-widget-text-editor:not(.elementor-drop-cap-view-default) .elementor-drop-cap-letter{width:1em;height:1em}.elementor-widget-text-editor .elementor-drop-cap{float:left;text-align:center;line-height:1;font-size:50px}.elementor-widget-text-editor .elementor-drop-cap-letter{display:inline-block}<\/style>\t\t\t\t<div class=\"c-contact-list u-space-top:default\">\n<div style=\"background-color: #000548; color: white;\">\n<div>\n<figure class=\"c-figure\" style=\"padding: 0; margin: 0;\">\n<div class=\"c-figure__inner\" style=\"padding: 0; margin: 0;\"><picture><source srcset=\"https:\/\/assets.johanniter.de\/fileadmin\/_processed-local_\/c\/d\/csm_Etemad_Parishanzadeh_0587e73101.jpg\" data-srcset=\"https:\/\/assets.johanniter.de\/fileadmin\/_processed-local_\/c\/d\/csm_Etemad_Parishanzadeh_0587e73101.jpg\" \/><img loading=\"lazy\" decoding=\"async\" class=\"c-img lazyloaded\" title=\"\" src=\"https:\/\/assets.johanniter.de\/fileadmin\/_processed-local_\/c\/d\/csm_Etemad_Parishanzadeh_90134f989b.jpg\" alt=\"\" width=\"660\" height=\"831\" data-src=\"https:\/\/assets.johanniter.de\/fileadmin\/_processed-local_\/c\/d\/csm_Etemad_Parishanzadeh_90134f989b.jpg\" \/><\/picture><\/div><\/figure>\n<\/div>\n<div class=\"c-contact__content\" style=\"padding: 20px; padding-top: 0;\">\n<div class=\"c-copy\">\n<h3 class=\" u-typo:xl u-typo:bold\" style=\"color: white;\">Etemad Parishanzadeh<\/h3>\nFachbereichsleiter Einsatzdienste D\u00fcsseldorf\n\n<a class=\"c-link u-icon u-icon:left u-icon--email\" href=\"https:\/\/www.johanniter.de\/kontakt\/mail\/an\/3471\/\" target=\"_blank\" rel=\"noopener\">zum Kontakt-Formular<\/a>\n<a class=\"c-link u-icon u-icon:left u-icon--phone\" title=\"\u00d6ffnet Telefon-App\" href=\"tel:+49 1520 1681036\">+49 1520 1681036<\/a>\n<a class=\"c-link u-icon u-icon:left u-icon--pin\" href=\"https:\/\/www.google.com\/maps?q=51.217636100000,6.815939500000\" target=\"_blank\" rel=\"noopener\">Erkrather Stra\u00dfe 245\n40233 D\u00fcsseldorf<\/a>\n\n<\/div>\n<\/div>\n<\/div>\n<\/div>\n<div style=\"background-color: #000548; color: white;\">\n<div class=\" c-contact c-contact--slanted-left \">\n<div class=\"c-contact__img\">\n<figure>\n<div class=\"c-figure__inner\"><picture><source srcset=\"https:\/\/assets.johanniter.de\/fileadmin\/_processed-local_\/9\/c\/csm_Arnd_Jankowski_5eee368dd7.jpg\" media=\"(min-width: 320px)\" data-srcset=\"https:\/\/assets.johanniter.de\/fileadmin\/_processed-local_\/9\/c\/csm_Arnd_Jankowski_5eee368dd7.jpg\" \/><source srcset=\"https:\/\/assets.johanniter.de\/fileadmin\/_processed-local_\/9\/c\/csm_Arnd_Jankowski_fb011fefd0.jpg\" data-srcset=\"https:\/\/assets.johanniter.de\/fileadmin\/_processed-local_\/9\/c\/csm_Arnd_Jankowski_fb011fefd0.jpg\" \/><img loading=\"lazy\" decoding=\"async\" class=\"c-img lazyloaded\" title=\"\" src=\"https:\/\/assets.johanniter.de\/fileadmin\/_processed-local_\/9\/c\/csm_Arnd_Jankowski_5eee368dd7.jpg\" alt=\"\" width=\"660\" height=\"808\" data-src=\"https:\/\/assets.johanniter.de\/fileadmin\/_processed-local_\/9\/c\/csm_Arnd_Jankowski_5eee368dd7.jpg\" \/><\/picture><\/div><\/figure>\n<\/div>\n<div style=\"padding: 20px; padding-top: 0;\">\n<div>\n<h3 style=\"color: white; margin-top: 0;\">Arnd Jankowski<\/h3>\nFachbereichsleiter Einsatzdienste Duisburg \/ Oberhausen\n\n<a class=\"c-link u-icon u-icon:left u-icon--email\" href=\"https:\/\/www.johanniter.de\/kontakt\/mail\/an\/3828\/\" target=\"_blank\" rel=\"noopener\">zum Kontakt-Formular<\/a>\n<a class=\"c-link u-icon u-icon:left u-icon--phone\" title=\"\u00d6ffnet Telefon-App\" href=\"tel:+49 203 418265-610\">+49 203 418265-610<\/a>\n<a class=\"c-link u-icon u-icon:left u-icon--fax\" title=\"\u00d6ffnet Telefon-App\" href=\"tel:+49 203 418265-999\">+49 203 418265-999<\/a>\n<a class=\"c-link u-icon u-icon:left u-icon--pin\" href=\"https:\/\/www.google.com\/maps?q=51.408653300000,6.768091300000\" target=\"_blank\" rel=\"noopener\">D\u00fcsseldorfer Stra\u00dfe 387\n47055 Duisburg<\/a>\n\n<\/div>\n<\/div>\n<\/div>\n<\/div>\n<div id=\"c132590\" class=\"c-social-media u-color-bg:pri1 u-space-top:default\" aria-label=\"Social-Media-Links\"><\/div>\n<div id=\"c88060\" class=\"u-space-top:default\">\n<div class=\"c-color-box u-color-bg:pri2 \">\n<div class=\"c-color-box__content\"><\/div>\n<\/div>\n<\/div>\t\t\t\t\t\t<\/div>\n\t\t\t\t<\/div>\n\t\t\t\t\t<\/div>\n\t\t<\/div>\n\t\t\t\t<div class=\"elementor-column elementor-col-66 elementor-top-column elementor-element elementor-element-cd004d7\" data-id=\"cd004d7\" data-element_type=\"column\">\n\t\t\t<div class=\"elementor-widget-wrap elementor-element-populated\">\n\t\t\t\t\t\t\t\t<div class=\"elementor-element elementor-element-7d6a663 elementor-widget elementor-widget-text-editor\" data-id=\"7d6a663\" data-element_type=\"widget\" data-widget_type=\"text-editor.default\">\n\t\t\t\t<div class=\"elementor-widget-container\">\n\t\t\t\t\t\t\t<h2 style=\"color: white;\">Wir freuen uns sehr, dich pers\u00f6nlich kennenzulernen.\u00a0<\/h2><p>Bitte f\u00fclle kurz folgendes Formular aus, damit wir dich kontaktieren k\u00f6nnen.<\/p>\t\t\t\t\t\t<\/div>\n\t\t\t\t<\/div>\n\t\t\t\t<div class=\"elementor-element elementor-element-7491b30 elementor-widget elementor-widget-html\" data-id=\"7491b30\" data-element_type=\"widget\" data-widget_type=\"html.default\">\n\t\t\t\t<div class=\"elementor-widget-container\">\n\t\t\t<div class=\"forminator-ui forminator-custom-form forminator-custom-form-292 forminator-design--default  forminator_ajax\" data-forminator-render=\"0\" data-form=\"forminator-module-292\" data-uid=\"69dbb0e07e74b\"><br\/><\/div><form\n\t\t\t\tid=\"forminator-module-292\"\n\t\t\t\tclass=\"forminator-ui forminator-custom-form forminator-custom-form-292 forminator-design--default  forminator_ajax\"\n\t\t\t\tmethod=\"post\"\n\t\t\t\tdata-forminator-render=\"0\"\n\t\t\t\tdata-form-id=\"292\"\n\t\t\t\t\n\t\t\t\tdata-design=\"default\"\n\t\t\t\t\n\t\t\t\t\n\t\t\t\t\n\t\t\t\tdata-grid=\"open\"\n\t\t\t\t\n\t\t\t\t\n\t\t\t\tstyle=\"display: none;\"\n\t\t\t\t\n\t\t\t\tdata-uid=\"69dbb0e07e74b\"\n\t\t\t><div role=\"alert\" aria-live=\"polite\" class=\"forminator-response-message forminator-error\" aria-hidden=\"true\"><\/div><div class=\"forminator-row\"><div id=\"name-1\" class=\"forminator-col forminator-col-12 \"><div class=\"forminator-field\"><label for=\"forminator-field-name-1_69dbb0e07e74b\" class=\"forminator-label\" id=\"forminator-field-name-1_69dbb0e07e74b-label\">Name <span class=\"forminator-required\">*<\/span><\/label><input type=\"text\" name=\"name-1\" value=\"\" placeholder=\"z. B. Max Mustermann\" id=\"forminator-field-name-1_69dbb0e07e74b\" class=\"forminator-input forminator-name--field\" aria-required=\"true\" \/><\/div><\/div><\/div><div class=\"forminator-row\"><div id=\"email-1\" class=\"forminator-col forminator-col-12 \"><div class=\"forminator-field\"><label for=\"forminator-field-email-1_69dbb0e07e74b\" class=\"forminator-label\" id=\"forminator-field-email-1_69dbb0e07e74b-label\">E-Mail-Adresse <span class=\"forminator-required\">*<\/span><\/label><input type=\"email\" name=\"email-1\" value=\"\" placeholder=\"z. B. max@mustermann.de\" id=\"forminator-field-email-1_69dbb0e07e74b\" class=\"forminator-input forminator-email--field\" data-required=\"1\" aria-required=\"true\" \/><\/div><\/div><\/div><div class=\"forminator-row\"><div id=\"phone-1\" class=\"forminator-col forminator-col-12 \"><div class=\"forminator-field\"><label for=\"forminator-field-phone-1_69dbb0e07e74b\" class=\"forminator-label\" id=\"forminator-field-phone-1_69dbb0e07e74b-label\">Telefon <span class=\"forminator-required\">*<\/span><\/label><input type=\"text\" name=\"phone-1\" value=\"\" placeholder=\"z.\u00a0B.: +49 123 4567 89\" id=\"forminator-field-phone-1_69dbb0e07e74b\" class=\"forminator-input forminator-field--phone\" data-required=\"1\" aria-required=\"true\" autocomplete=\"off\" \/><\/div><\/div><\/div><div class=\"forminator-row\"><div id=\"select-1\" class=\"forminator-col forminator-col-12 \"><div class=\"forminator-field\"><label for=\"forminator-form-292__field--select-1_69dbb0e07e74b\" id=\"forminator-form-292__field--select-1_69dbb0e07e74b-label\" class=\"forminator-label\">Ich habe eine abgeschlossene Ausbildung als<\/label><select id=\"forminator-form-292__field--select-1_69dbb0e07e74b\" class=\"forminator-select--field forminator-select2\" data-required=\"\" name=\"select-1\" data-default-value=\"\" data-hidden-behavior=\"zero\" data-placeholder=\"\" data-search=\"false\" aria-labelledby=\"forminator-form-292__field--select-1_69dbb0e07e74b-label\" aria-describedby=\"forminator-form-292__field--select-1_69dbb0e07e74b-description\"><option value=\"one\"  data-calculation=\"0\">keine Ausbildung<\/option><option value=\"two\"  data-calculation=\"0\">Notfallsanit\u00e4ter<\/option><option value=\"Rettungshelfer\"  data-calculation=\"0\">Rettungshelfer<\/option><option value=\"Rettungssanit\u00e4ter\"  data-calculation=\"0\">Rettungssanit\u00e4ter<\/option><\/select><\/div><\/div><\/div><input type=\"hidden\" name=\"referer_url\" value=\"\" \/><div class=\"forminator-row forminator-row-last\"><div class=\"forminator-col\"><div class=\"forminator-field\"><button class=\"forminator-button forminator-button-submit\">Jetzt bewerben<\/button><\/div><\/div><\/div><input type=\"hidden\" id=\"forminator_nonce\" name=\"forminator_nonce\" value=\"cc367ec4cf\" \/><input type=\"hidden\" name=\"_wp_http_referer\" value=\"\/index.php\/wp-json\/wp\/v2\/pages\/296\" \/><input type=\"hidden\" name=\"form_id\" value=\"292\"><input type=\"hidden\" name=\"page_id\" value=\"296\"><input type=\"hidden\" name=\"form_type\" value=\"default\"><input type=\"hidden\" name=\"current_url\" value=\"https:\/\/johanniter.creative-productions.de\/index.php\/dein-traumjob\/\"><input type=\"hidden\" name=\"render_id\" value=\"0\"><input type=\"hidden\" name=\"action\" value=\"forminator_submit_form_custom-forms\"><\/form>\t\t<\/div>\n\t\t\t\t<\/div>\n\t\t\t\t\t<\/div>\n\t\t<\/div>\n\t\t\t\t\t\t\t<\/div>\n\t\t<\/section>\n\t\t\t\t\t\t\t<\/div>\n\t\t","protected":false},"excerpt":{"rendered":"<p>Etemad Parishanzadeh Fachbereichsleiter Einsatzdienste D\u00fcsseldorf zum Kontakt-Formular +49 1520 1681036 Erkrather Stra\u00dfe 245 40233 D\u00fcsseldorf Arnd Jankowski Fachbereichsleiter Einsatzdienste Duisburg \/ Oberhausen zum Kontakt-Formular +49&hellip;<\/p>\n","protected":false},"author":1,"featured_media":0,"parent":0,"menu_order":0,"comment_status":"closed","ping_status":"closed","template":"","meta":{"footnotes":""},"class_list":["post-296","page","type-page","status-publish","hentry"],"_links":{"self":[{"href":"https:\/\/johanniter.creative-productions.de\/index.php\/wp-json\/wp\/v2\/pages\/296","targetHints":{"allow":["GET"]}}],"collection":[{"href":"https:\/\/johanniter.creative-productions.de\/index.php\/wp-json\/wp\/v2\/pages"}],"about":[{"href":"https:\/\/johanniter.creative-productions.de\/index.php\/wp-json\/wp\/v2\/types\/page"}],"author":[{"embeddable":true,"href":"https:\/\/johanniter.creative-productions.de\/index.php\/wp-json\/wp\/v2\/users\/1"}],"replies":[{"embeddable":true,"href":"https:\/\/johanniter.creative-productions.de\/index.php\/wp-json\/wp\/v2\/comments?post=296"}],"version-history":[{"count":16,"href":"https:\/\/johanniter.creative-productions.de\/index.php\/wp-json\/wp\/v2\/pages\/296\/revisions"}],"predecessor-version":[{"id":437,"href":"https:\/\/johanniter.creative-productions.de\/index.php\/wp-json\/wp\/v2\/pages\/296\/revisions\/437"}],"wp:attachment":[{"href":"https:\/\/johanniter.creative-productions.de\/index.php\/wp-json\/wp\/v2\/media?parent=296"}],"curies":[{"name":"wp","href":"https:\/\/api.w.org\/{rel}","templated":true}]}}